{"id":1024,"date":"2025-03-02T01:01:36","date_gmt":"2025-03-02T01:01:36","guid":{"rendered":"https:\/\/conferenciacientifica.uem.mz\/?page_id=1024"},"modified":"2025-04-27T22:53:15","modified_gmt":"2025-04-27T22:53:15","slug":"eventos","status":"publish","type":"page","link":"https:\/\/conferenciacientifica.uem.mz\/index.php\/eventos\/","title":{"rendered":"Eventos"},"content":{"rendered":"\t\t<div data-elementor-type=\"wp-page\" data-elementor-id=\"1024\" class=\"elementor elementor-1024\" data-elementor-post-type=\"page\">\n\t\t\t\t<div class=\"elementor-element elementor-element-d2aabe1 e-flex e-con-boxed e-con e-parent\" data-id=\"d2aabe1\" data-element_type=\"container\" data-settings=\"{&quot;background_background&quot;:&quot;classic&quot;}\">\n\t\t\t\t\t<div class=\"e-con-inner\">\n\t\t\t\t<div class=\"elementor-element elementor-element-f1c5a1e elementor-widget elementor-widget-heading\" data-id=\"f1c5a1e\" data-element_type=\"widget\" data-widget_type=\"heading.default\">\n\t\t\t\t<div class=\"elementor-widget-container\">\n\t\t\t\t\t<h2 class=\"elementor-heading-title elementor-size-default\">Chamada para submiss\u00e3o de  propostas de eventos paralelos<\/h2>\t\t\t\t<\/div>\n\t\t\t\t<\/div>\n\t\t\t\t\t<\/div>\n\t\t\t\t<\/div>\n\t\t<div class=\"elementor-element elementor-element-e50b5f4 e-flex e-con-boxed e-con e-parent\" data-id=\"e50b5f4\" data-element_type=\"container\">\n\t\t\t\t\t<div class=\"e-con-inner\">\n\t\t\t\t<div class=\"elementor-element elementor-element-17e25c8 elementor-widget elementor-widget-text-editor\" data-id=\"17e25c8\" data-element_type=\"widget\" data-widget_type=\"text-editor.default\">\n\t\t\t\t<div class=\"elementor-widget-container\">\n\t\t\t\t\t\t\t\t\t<p>A Confer\u00eancia Cient\u00edfica da Universidade Eduardo Mondlane (UEM), \u00e9 um f\u00f3rum bienal, inter e multidisciplinar, que visa a apresenta\u00e7\u00e3o e dissemina\u00e7\u00e3o dos resultados da investiga\u00e7\u00e3o realizada por docentes, investigadores e estudantes da UEM e de outras institui\u00e7\u00f5es nacionais e internacionais. Este evento constitui um espa\u00e7o de partilha de oportunidades, de estabelecimento de contactos, parcerias e intera\u00e7\u00e3o entre a comunidade acad\u00e9mica nacional e internacional, sociedade no geral e parceiros de coopera\u00e7\u00e3o.<\/p><p>A UEM dedica a XIII Confer\u00eancia Cient\u00edfica \u00e0 reflex\u00e3o sobre o seu contributo atrav\u00e9s do ensino, investiga\u00e7\u00e3o, extens\u00e3o e inova\u00e7\u00e3o para o desenvolvimento das comunidades e da sociedade mo\u00e7ambicana, ao longo dos 50 anos da independ\u00eancia de Mo\u00e7ambique.<\/p><p>A Confer\u00eancia consistir\u00e1 em sess\u00f5es plen\u00e1rias, sess\u00f5es tem\u00e1ticas, mesas redondas e outras actividades culturais e cient\u00edficas. Paralelamente \u00e0s submiss\u00f5es para a Confer\u00eancia em geral est\u00e1 aberta a possibilidade de organiza\u00e7\u00e3o de simp\u00f3sios, mesas redondas, workshops com tem\u00e1ticas espec\u00edficas.<\/p><p>Neste \u00e2mbito s\u00e3o convidadas as unidades org\u00e2nicas da UEM e os demais interessados a submeterem propostas para a realiza\u00e7\u00e3o de simp\u00f3sios, mesas redondas e workshops, at\u00e9 o dia <strong>30 de Abril de 2025<\/strong>.\u00a0 Todos interresados devem submeter a candidatura atrav\u00e9s do preenchimento da ficha disponivel neste <a href=\"https:\/\/conferenciacientifica.uem.mz\/wp-content\/uploads\/2025\/03\/27052025_Ficha-eventos.docx\" target=\"_blank\" rel=\"noopener\">link<\/a>. A ficha dever\u00e1 ser enviada por email para o email: <strong>conferenciacientifica@uem.mz<\/strong><\/p><p>A aceita\u00e7\u00e3o do simp\u00f3sio, mesas redondas e workshops na XIII Confer\u00eancia Cient\u00edfica da UEM 2025, ser\u00e1 feita mediante aprecia pela Comiss\u00e3o Cient\u00edfica e ser\u00e1 determinada pelo seguinte:<\/p><ul><li>Actualidade do tema (descobertas e contribui\u00e7\u00f5es importantes, desenvolvimento de novas tecnologias, tend\u00eancias para novas investiga\u00e7\u00f5es, etc.);<\/li><li>Diversidade de temas (os temas n\u00e3o devem sobrepor-se aos da confer\u00eancia geral ou de outras propostas de simp\u00f3sios, mesas redondas e workshops);<\/li><li>Relev\u00e2ncia em rela\u00e7\u00e3o ao tema central da XIII Confer\u00eancia Cient\u00edfica.<\/li><li>Expectativa de atrair uma larga audi\u00eancia;<\/li><li>Apresenta\u00e7\u00e3o de declara\u00e7\u00e3o, assinada pela entidade proponente de disponibilidade financeira dos proponentes para a realiza\u00e7\u00e3o do evento.<\/li><\/ul><p>A Comiss\u00e3o Cient\u00edfica da XIII Confer\u00eancia, ap\u00f3s an\u00e1lise da proposta, poder\u00e1 solicitar revis\u00e3o da mesma de modo a garantir melhor cumprimento de aspectos de planifica\u00e7\u00e3o. Neste sentido, apela-se para que as propostas para organiza\u00e7\u00e3o de eventos, sejam submetidas ap\u00f3s a devida avalia\u00e7\u00e3o de condi\u00e7\u00f5es para a materializa\u00e7\u00e3o dos mesmos. Cen\u00e1rio contr\u00e1rio, poder\u00e1 implicar trabalho redobrado por parte dos organizadores da Confer\u00eancia.<\/p>\t\t\t\t\t\t\t\t<\/div>\n\t\t\t\t<\/div>\n\t\t\t\t<div class=\"elementor-element elementor-element-178bf1e elementor-widget elementor-widget-heading\" data-id=\"178bf1e\" data-element_type=\"widget\" data-widget_type=\"heading.default\">\n\t\t\t\t<div class=\"elementor-widget-container\">\n\t\t\t\t\t<h3 class=\"elementor-heading-title elementor-size-default\">Datas importantes<\/h3>\t\t\t\t<\/div>\n\t\t\t\t<\/div>\n\t\t\t\t\t<\/div>\n\t\t\t\t<\/div>\n\t\t<div class=\"elementor-element elementor-element-1c778fa e-flex e-con-boxed e-con e-parent\" data-id=\"1c778fa\" data-element_type=\"container\">\n\t\t\t\t\t<div class=\"e-con-inner\">\n\t\t<div class=\"elementor-element elementor-element-135eb44 e-con-full e-flex e-con e-child\" data-id=\"135eb44\" data-element_type=\"container\">\n\t\t\t\t<div class=\"elementor-element elementor-element-d26307b elementor-widget__width-initial elementor-widget elementor-widget-text-editor\" data-id=\"d26307b\" data-element_type=\"widget\" data-widget_type=\"text-editor.default\">\n\t\t\t\t<div class=\"elementor-widget-container\">\n\t\t\t\t\t\t\t\t\t<p><strong>28\/02\/2025<br \/><\/strong><\/p><p>\u00a0<\/p>\t\t\t\t\t\t\t\t<\/div>\n\t\t\t\t<\/div>\n\t\t\t\t<div class=\"elementor-element elementor-element-23a325c elementor-widget__width-initial elementor-widget elementor-widget-text-editor\" data-id=\"23a325c\" data-element_type=\"widget\" data-widget_type=\"text-editor.default\">\n\t\t\t\t<div class=\"elementor-widget-container\">\n\t\t\t\t\t\t\t\t\t<p><strong>30\/04\/2025<\/strong><\/p>\t\t\t\t\t\t\t\t<\/div>\n\t\t\t\t<\/div>\n\t\t\t\t<div class=\"elementor-element elementor-element-a6b5d6a elementor-widget__width-initial elementor-widget elementor-widget-text-editor\" data-id=\"a6b5d6a\" data-element_type=\"widget\" data-widget_type=\"text-editor.default\">\n\t\t\t\t<div class=\"elementor-widget-container\">\n\t\t\t\t\t\t\t\t\t<p><strong>15\/05\/2025<\/strong><\/p>\t\t\t\t\t\t\t\t<\/div>\n\t\t\t\t<\/div>\n\t\t\t\t<div class=\"elementor-element elementor-element-7ef543f elementor-widget__width-initial elementor-widget elementor-widget-text-editor\" data-id=\"7ef543f\" data-element_type=\"widget\" data-widget_type=\"text-editor.default\">\n\t\t\t\t<div class=\"elementor-widget-container\">\n\t\t\t\t\t\t\t\t\t<p><strong>15\/07\/2025<\/strong><\/p>\t\t\t\t\t\t\t\t<\/div>\n\t\t\t\t<\/div>\n\t\t\t\t<div class=\"elementor-element elementor-element-8a5836a elementor-widget__width-initial elementor-widget elementor-widget-text-editor\" data-id=\"8a5836a\" data-element_type=\"widget\" data-widget_type=\"text-editor.default\">\n\t\t\t\t<div class=\"elementor-widget-container\">\n\t\t\t\t\t\t\t\t\t<p><strong>08\/08\/2025<\/strong><\/p>\t\t\t\t\t\t\t\t<\/div>\n\t\t\t\t<\/div>\n\t\t\t\t<div class=\"elementor-element elementor-element-0ffd7df elementor-widget__width-initial elementor-widget elementor-widget-text-editor\" data-id=\"0ffd7df\" data-element_type=\"widget\" data-widget_type=\"text-editor.default\">\n\t\t\t\t<div class=\"elementor-widget-container\">\n\t\t\t\t\t\t\t\t\t<p><strong>01\/09\/2025<\/strong><\/p>\t\t\t\t\t\t\t\t<\/div>\n\t\t\t\t<\/div>\n\t\t\t\t<div class=\"elementor-element elementor-element-6fab3bd elementor-widget__width-initial elementor-widget elementor-widget-text-editor\" data-id=\"6fab3bd\" data-element_type=\"widget\" data-widget_type=\"text-editor.default\">\n\t\t\t\t<div class=\"elementor-widget-container\">\n\t\t\t\t\t\t\t\t\t<p><strong>16-19 de Setembro<\/strong><\/p>\t\t\t\t\t\t\t\t<\/div>\n\t\t\t\t<\/div>\n\t\t\t\t<\/div>\n\t\t<div class=\"elementor-element elementor-element-dad1157 e-con-full e-flex e-con e-child\" data-id=\"dad1157\" data-element_type=\"container\">\n\t\t\t\t<div class=\"elementor-element elementor-element-3cb00d1 elementor-widget__width-initial elementor-widget elementor-widget-text-editor\" data-id=\"3cb00d1\" data-element_type=\"widget\" data-widget_type=\"text-editor.default\">\n\t\t\t\t<div class=\"elementor-widget-container\">\n\t\t\t\t\t\t\t\t\t<p>In\u00edcio das inscri\u00e7\u00f5es de propostas de organiza\u00e7\u00e3o de eventos paralelos (simp\u00f3sios, mesas redondas e workshops) pelas Unidades Org\u00e2nicas ou outras entidades interessadas<\/p>\t\t\t\t\t\t\t\t<\/div>\n\t\t\t\t<\/div>\n\t\t\t\t<div class=\"elementor-element elementor-element-2fb9d47 elementor-widget elementor-widget-text-editor\" data-id=\"2fb9d47\" data-element_type=\"widget\" data-widget_type=\"text-editor.default\">\n\t\t\t\t<div class=\"elementor-widget-container\">\n\t\t\t\t\t\t\t\t\t<p>Data-limite para submiss\u00e3o de propostas de eventos paralelos<\/p>\t\t\t\t\t\t\t\t<\/div>\n\t\t\t\t<\/div>\n\t\t\t\t<div class=\"elementor-element elementor-element-07c5172 elementor-widget elementor-widget-text-editor\" data-id=\"07c5172\" data-element_type=\"widget\" data-widget_type=\"text-editor.default\">\n\t\t\t\t<div class=\"elementor-widget-container\">\n\t\t\t\t\t\t\t\t\t<p>Divulga\u00e7\u00e3o dos resultados das propostas de eventos paralelos<\/p>\t\t\t\t\t\t\t\t<\/div>\n\t\t\t\t<\/div>\n\t\t\t\t<div class=\"elementor-element elementor-element-745e0ab elementor-widget elementor-widget-text-editor\" data-id=\"745e0ab\" data-element_type=\"widget\" data-widget_type=\"text-editor.default\">\n\t\t\t\t<div class=\"elementor-widget-container\">\n\t\t\t\t\t\t\t\t\t<p>Divulga\u00e7\u00e3o dos trabalhos aceites para apresenta\u00e7\u00e3o e dos eventos paralelos<\/p>\t\t\t\t\t\t\t\t<\/div>\n\t\t\t\t<\/div>\n\t\t\t\t<div class=\"elementor-element elementor-element-9d80d3d elementor-widget elementor-widget-text-editor\" data-id=\"9d80d3d\" data-element_type=\"widget\" data-widget_type=\"text-editor.default\">\n\t\t\t\t<div class=\"elementor-widget-container\">\n\t\t\t\t\t\t\t\t\t<p>Submiss\u00e3o do programa das sess\u00f5es do evento (com indica\u00e7\u00e3o das sess\u00f5es, responsabilidades, data, local e horas)<\/p>\t\t\t\t\t\t\t\t<\/div>\n\t\t\t\t<\/div>\n\t\t\t\t<div class=\"elementor-element elementor-element-abee768 elementor-widget elementor-widget-text-editor\" data-id=\"abee768\" data-element_type=\"widget\" data-widget_type=\"text-editor.default\">\n\t\t\t\t<div class=\"elementor-widget-container\">\n\t\t\t\t\t\t\t\t\t<p>Divulga\u00e7\u00e3o do Programa da XIII Confer\u00eancia Cient\u00edfica da UEM<\/p>\t\t\t\t\t\t\t\t<\/div>\n\t\t\t\t<\/div>\n\t\t\t\t<div class=\"elementor-element elementor-element-9b870d5 elementor-widget elementor-widget-text-editor\" data-id=\"9b870d5\" data-element_type=\"widget\" data-widget_type=\"text-editor.default\">\n\t\t\t\t<div class=\"elementor-widget-container\">\n\t\t\t\t\t\t\t\t\t<p>Dia da Realiza\u00e7\u00e3o da XIII Confer\u00eancia Cient\u00edfica da UEM<\/p>\t\t\t\t\t\t\t\t<\/div>\n\t\t\t\t<\/div>\n\t\t\t\t<\/div>\n\t\t\t\t\t<\/div>\n\t\t\t\t<\/div>\n\t\t<div class=\"elementor-element elementor-element-76ddd42 e-flex e-con-boxed e-con e-parent\" data-id=\"76ddd42\" data-element_type=\"container\" data-settings=\"{&quot;background_background&quot;:&quot;classic&quot;}\">\n\t\t\t\t\t<div class=\"e-con-inner\">\n\t\t\t\t<div class=\"elementor-element elementor-element-9a4ea68 elementor-widget elementor-widget-text-editor\" data-id=\"9a4ea68\" data-element_type=\"widget\" data-widget_type=\"text-editor.default\">\n\t\t\t\t<div class=\"elementor-widget-container\">\n\t\t\t\t\t\t\t\t\t<p>A elabora\u00e7\u00e3o das propostas deve obedecer as instru\u00e7\u00f5es apresentadas indicadas nos documentos abaixo:<\/p>\t\t\t\t\t\t\t\t<\/div>\n\t\t\t\t<\/div>\n\t\t\t\t<div class=\"elementor-element elementor-element-843ae25 elementor-icon-list--layout-traditional elementor-list-item-link-full_width elementor-widget elementor-widget-icon-list\" data-id=\"843ae25\" data-element_type=\"widget\" data-widget_type=\"icon-list.default\">\n\t\t\t\t<div class=\"elementor-widget-container\">\n\t\t\t\t\t\t\t<ul class=\"elementor-icon-list-items\">\n\t\t\t\t\t\t\t<li class=\"elementor-icon-list-item\">\n\t\t\t\t\t\t\t\t\t\t\t<a href=\"https:\/\/conferenciacientifica.uem.mz\/wp-content\/uploads\/2025\/03\/Instrucoes-eventos-1.pdf\">\n\n\t\t\t\t\t\t\t\t\t\t\t\t<span class=\"elementor-icon-list-icon\">\n\t\t\t\t\t\t\t<svg aria-hidden=\"true\" class=\"e-font-icon-svg e-fas-dot-circle\" viewBox=\"0 0 512 512\" xmlns=\"http:\/\/www.w3.org\/2000\/svg\"><path d=\"M256 8C119.033 8 8 119.033 8 256s111.033 248 248 248 248-111.033 248-248S392.967 8 256 8zm80 248c0 44.112-35.888 80-80 80s-80-35.888-80-80 35.888-80 80-80 80 35.888 80 80z\"><\/path><\/svg>\t\t\t\t\t\t<\/span>\n\t\t\t\t\t\t\t\t\t\t<span class=\"elementor-icon-list-text\">Orienta\u00e7\u00f5es para a realiza\u00e7\u00e3o de eventos paralelos no \u00e2mbito da XIII Confer\u00eancia Cient\u00edfica 2025 da UEM <\/span>\n\t\t\t\t\t\t\t\t\t\t\t<\/a>\n\t\t\t\t\t\t\t\t\t<\/li>\n\t\t\t\t\t\t\t\t<li class=\"elementor-icon-list-item\">\n\t\t\t\t\t\t\t\t\t\t\t<a href=\"https:\/\/conferenciacientifica.uem.mz\/wp-content\/uploads\/2025\/03\/27052025_Ficha-eventos.docx\">\n\n\t\t\t\t\t\t\t\t\t\t\t\t<span class=\"elementor-icon-list-icon\">\n\t\t\t\t\t\t\t<svg aria-hidden=\"true\" class=\"e-font-icon-svg e-fas-dot-circle\" viewBox=\"0 0 512 512\" xmlns=\"http:\/\/www.w3.org\/2000\/svg\"><path d=\"M256 8C119.033 8 8 119.033 8 256s111.033 248 248 248 248-111.033 248-248S392.967 8 256 8zm80 248c0 44.112-35.888 80-80 80s-80-35.888-80-80 35.888-80 80-80 80 35.888 80 80z\"><\/path><\/svg>\t\t\t\t\t\t<\/span>\n\t\t\t\t\t\t\t\t\t\t<span class=\"elementor-icon-list-text\">Ficha de inscri\u00e7\u00e3o para organiza\u00e7\u00e3o de eventos  paralelos no \u00e2mbito da XIII Confer\u00eancia Cient\u00edfica 2025 da UEM <\/span>\n\t\t\t\t\t\t\t\t\t\t\t<\/a>\n\t\t\t\t\t\t\t\t\t<\/li>\n\t\t\t\t\t\t<\/ul>\n\t\t\t\t\t\t<\/div>\n\t\t\t\t<\/div>\n\t\t\t\t\t<\/div>\n\t\t\t\t<\/div>\n\t\t<div class=\"elementor-element elementor-element-02f4faf e-flex e-con-boxed e-con e-parent\" data-id=\"02f4faf\" data-element_type=\"container\">\n\t\t\t\t\t<div class=\"e-con-inner\">\n\t\t<div class=\"elementor-element elementor-element-912950e e-con-full e-flex e-con e-child\" data-id=\"912950e\" data-element_type=\"container\" data-settings=\"{&quot;background_background&quot;:&quot;classic&quot;}\">\n\t\t\t\t<div class=\"elementor-element elementor-element-5a63bf1 elementor-widget elementor-widget-heading\" data-id=\"5a63bf1\" data-element_type=\"widget\" data-widget_type=\"heading.default\">\n\t\t\t\t<div class=\"elementor-widget-container\">\n\t\t\t\t\t<h3 class=\"elementor-heading-title elementor-size-default\">D\u00favidas e informa\u00e7\u00f5es adicionais<\/h3>\t\t\t\t<\/div>\n\t\t\t\t<\/div>\n\t\t\t\t<div class=\"elementor-element elementor-element-7604137 elementor-widget elementor-widget-text-editor\" data-id=\"7604137\" data-element_type=\"widget\" data-widget_type=\"text-editor.default\">\n\t\t\t\t<div class=\"elementor-widget-container\">\n\t\t\t\t\t\t\t\t\t<p>Para informa\u00e7\u00f5es adicionais sobre o evento poder\u00e1 contactar a organiza\u00e7\u00e3o atrav\u00e9s do seguinte endere\u00e7o eletr\u00f3nico: <strong>conferenciacientifica@uem.mz <\/strong>ou\u00a0 Telem\u00f3vel\/Whatsapp: <strong>+258 82 327 0962<\/strong><\/p>\t\t\t\t\t\t\t\t<\/div>\n\t\t\t\t<\/div>\n\t\t\t\t<\/div>\n\t\t\t\t\t<\/div>\n\t\t\t\t<\/div>\n\t\t\t\t<\/div>\n\t\t","protected":false},"excerpt":{"rendered":"<p>Chamada para submiss\u00e3o de propostas de eventos paralelos A Confer\u00eancia Cient\u00edfica da Universidade Eduardo Mondlane (UEM), \u00e9 um f\u00f3rum bienal, [&hellip;]<\/p>\n","protected":false},"author":4,"featured_media":0,"parent":0,"menu_order":0,"comment_status":"closed","ping_status":"closed","template":"","meta":{"site-sidebar-layout":"no-sidebar","site-content-layout":"","ast-site-content-layout":"full-width-container","site-content-style":"default","site-sidebar-style":"default","ast-global-header-display":"","ast-banner-title-visibility":"","ast-main-header-display":"","ast-hfb-above-header-display":"","ast-hfb-below-header-display":"","ast-hfb-mobile-header-display":"","site-post-title":"disabled","ast-breadcrumbs-content":"","ast-featured-img":"disabled","footer-sml-layout":"","theme-transparent-header-meta":"","adv-header-id-meta":"","stick-header-meta":"","header-above-stick-meta":"","header-main-stick-meta":"","header-below-stick-meta":"","astra-migrate-meta-layouts":"default","ast-page-background-enabled":"default","ast-page-background-meta":{"desktop":{"background-color":"var(--ast-global-color-4)","background-image":"","background-repeat":"repeat","background-position":"center center","background-size":"auto","background-attachment":"scroll","background-type":"","background-media":"","overlay-type":"","overlay-color":"","overlay-opacity":"","overlay-gradient":""},"tablet":{"background-color":"","background-image":"","background-repeat":"repeat","background-position":"center center","background-size":"auto","background-attachment":"scroll","background-type":"","background-media":"","overlay-type":"","overlay-color":"","overlay-opacity":"","overlay-gradient":""},"mobile":{"background-color":"","background-image":"","background-repeat":"repeat","background-position":"center center","background-size":"auto","background-attachment":"scroll","background-type":"","background-media":"","overlay-type":"","overlay-color":"","overlay-opacity":"","overlay-gradient":""}},"ast-content-background-meta":{"desktop":{"background-color":"var(--ast-global-color-5)","background-image":"","background-repeat":"repeat","background-position":"center center","background-size":"auto","background-attachment":"scroll","background-type":"","background-media":"","overlay-type":"","overlay-color":"","overlay-opacity":"","overlay-gradient":""},"tablet":{"background-color":"var(--ast-global-color-5)","background-image":"","background-repeat":"repeat","background-position":"center center","background-size":"auto","background-attachment":"scroll","background-type":"","background-media":"","overlay-type":"","overlay-color":"","overlay-opacity":"","overlay-gradient":""},"mobile":{"background-color":"var(--ast-global-color-5)","background-image":"","background-repeat":"repeat","background-position":"center center","background-size":"auto","background-attachment":"scroll","background-type":"","background-media":"","overlay-type":"","overlay-color":"","overlay-opacity":"","overlay-gradient":""}},"footnotes":""},"class_list":["post-1024","page","type-page","status-publish","hentry"],"_links":{"self":[{"href":"https:\/\/conferenciacientifica.uem.mz\/index.php\/wp-json\/wp\/v2\/pages\/1024","targetHints":{"allow":["GET"]}}],"collection":[{"href":"https:\/\/conferenciacientifica.uem.mz\/index.php\/wp-json\/wp\/v2\/pages"}],"about":[{"href":"https:\/\/conferenciacientifica.uem.mz\/index.php\/wp-json\/wp\/v2\/types\/page"}],"author":[{"embeddable":true,"href":"https:\/\/conferenciacientifica.uem.mz\/index.php\/wp-json\/wp\/v2\/users\/4"}],"replies":[{"embeddable":true,"href":"https:\/\/conferenciacientifica.uem.mz\/index.php\/wp-json\/wp\/v2\/comments?post=1024"}],"version-history":[{"count":40,"href":"https:\/\/conferenciacientifica.uem.mz\/index.php\/wp-json\/wp\/v2\/pages\/1024\/revisions"}],"predecessor-version":[{"id":1309,"href":"https:\/\/conferenciacientifica.uem.mz\/index.php\/wp-json\/wp\/v2\/pages\/1024\/revisions\/1309"}],"wp:attachment":[{"href":"https:\/\/conferenciacientifica.uem.mz\/index.php\/wp-json\/wp\/v2\/media?parent=1024"}],"curies":[{"name":"wp","href":"https:\/\/api.w.org\/{rel}","templated":true}]}}