{"id":1275,"date":"2025-03-16T12:44:54","date_gmt":"2025-03-16T12:44:54","guid":{"rendered":"https:\/\/conferenciacientifica.uem.mz\/?page_id=1275"},"modified":"2025-08-20T14:20:35","modified_gmt":"2025-08-20T14:20:35","slug":"instrucoes-aos-autores","status":"publish","type":"page","link":"https:\/\/conferenciacientifica.uem.mz\/index.php\/instrucoes-aos-autores\/","title":{"rendered":"Instru\u00e7\u00f5es aos Autores"},"content":{"rendered":"\n<figure class=\"wp-block-image size-full is-resized\"><img fetchpriority=\"high\" decoding=\"async\" width=\"908\" height=\"345\" src=\"https:\/\/conferenciacientifica.uem.mz\/wp-content\/uploads\/2025\/03\/image.gif\" alt=\"\" class=\"wp-image-1280\" style=\"width:503px;height:auto\"\/><\/figure>\n\n\n\n<p><strong>INSTRU\u00c7\u00d5ES PARA OS AUTORES DOS RESUMOS<\/strong><\/p>\n\n\n\n<p>Os autores devem apresentar os resumos das comunica\u00e7\u00f5es orais e <em>poster<\/em>, obedecendo as instru\u00e7\u00f5es abaixo:<\/p>\n\n\n\n<ul class=\"wp-block-list\">\n<li>O t\u00edtulo deve ser escrito em letras mai\u00fasculas e deve expressar exactamente o conte\u00fado do resumo, sendo este limitado ao m\u00e1ximo de 15 palavras.<\/li>\n\n\n\n<li>Os nomes do autor e dos co-autores devem incluir as iniciais do nome pr\u00f3prio e o apelido por extenso, sem incluir os t\u00edtulos acad\u00e9micos.<\/li>\n\n\n\n<li>As afilia\u00e7\u00f5es dos autores e co-autores devem incluir a Institui\u00e7\u00e3o, Departamento, Pa\u00eds, Cidade e email em tamanho 10 e <em>Italic.<\/em><\/li>\n\n\n\n<li>O corpo do resumo deve conter os seguintes subt\u00edtulos em negrito: introdu\u00e7\u00e3o\/contextualiza\u00e7\u00e3o, objectivos, metodologia, resultados e conclus\u00f5es.<\/li>\n\n\n\n<li>O corpo do resumo tamb\u00e9m deve ter espa\u00e7amento simples entre linhas, tipo de letra <em>Times New Roman<\/em>, tamanho 12 com um m\u00e1ximo de 300 palavras.<\/li>\n\n\n\n<li>No final dos resumos, deve-se incluir tr\u00eas a quatro palavras-chave, separados por uma v\u00edrgula.<\/li>\n\n\n\n<li>N\u00e3o s\u00e3o permitidas abreviaturas, figuras, tabelas e fotos.<\/li>\n\n\n\n<li>As propostas devem enquadrar-se em uma das \u00e1reas tem\u00e1ticas<a href=\"#_ftn1\" id=\"_ftnref1\"><sup>[1]<\/sup><\/a>.<\/li>\n\n\n\n<li>No acto da submiss\u00e3o, os autores devem indicar a modalidade da sua comunica\u00e7\u00e3o: apresenta\u00e7\u00e3o oral ou <em>poster.<\/em><\/li>\n<\/ul>\n\n\n\n<p><strong>L\u00edngua<\/strong><\/p>\n\n\n\n<p>Os resumos e os textos completos podem ser apresentados em portugu\u00eas ou em ingl\u00eas.<\/p>\n\n\n\n<p><strong>Envio de textos completos dos trabalhos<\/strong><\/p>\n\n\n\n<p>Os trabalhos a apresentar na XIII Confer\u00eancia Cient\u00edfica, uma vez elaborados os manuscritos, poder\u00e3o ser submetidos \u00e0 Revista Cient\u00edfica da UEM, desde que os autores sigam os procedimentos e normas vigentes no endere\u00e7o: <a href=\"http:\/\/revistacientifica.uem.mz\/revista\/\" target=\"_blank\" rel=\"noreferrer noopener\">http:\/\/revistacientifica.uem.mz\/revista\/<\/a><\/p>\n\n\n\n<hr class=\"wp-block-separator has-alpha-channel-opacity\"\/>\n\n\n\n<p><a href=\"#_ftnref1\" id=\"_ftn1\">[1]<\/a> Para mais detalhes sobre as \u00e1reas tem\u00e1ticas deste evento clica aqui CECOMA INSERI LINK do documento com a descricao das \u00e1reas tem\u00e1ticas actualizadas.<\/p>\n","protected":false},"excerpt":{"rendered":"<p>INSTRU\u00c7\u00d5ES PARA OS AUTORES DOS RESUMOS Os autores devem apresentar os resumos das comunica\u00e7\u00f5es orais e poster, obedecendo as instru\u00e7\u00f5es [&hellip;]<\/p>\n","protected":false},"author":6,"featured_media":0,"parent":0,"menu_order":0,"comment_status":"closed","ping_status":"closed","template":"","meta":{"site-sidebar-layout":"default","site-content-layout":"","ast-site-content-layout":"","site-content-style":"default","site-sidebar-style":"default","ast-global-header-display":"","ast-banner-title-visibility":"","ast-main-header-display":"","ast-hfb-above-header-display":"","ast-hfb-below-header-display":"","ast-hfb-mobile-header-display":"","site-post-title":"","ast-breadcrumbs-content":"","ast-featured-img":"","footer-sml-layout":"","theme-transparent-header-meta":"","adv-header-id-meta":"","stick-header-meta":"","header-above-stick-meta":"","header-main-stick-meta":"","header-below-stick-meta":"","astra-migrate-meta-layouts":"default","ast-page-background-enabled":"default","ast-page-background-meta":{"desktop":{"background-color":"var(--ast-global-color-4)","background-image":"","background-repeat":"repeat","background-position":"center center","background-size":"auto","background-attachment":"scroll","background-type":"","background-media":"","overlay-type":"","overlay-color":"","overlay-opacity":"","overlay-gradient":""},"tablet":{"background-color":"","background-image":"","background-repeat":"repeat","background-position":"center center","background-size":"auto","background-attachment":"scroll","background-type":"","background-media":"","overlay-type":"","overlay-color":"","overlay-opacity":"","overlay-gradient":""},"mobile":{"background-color":"","background-image":"","background-repeat":"repeat","background-position":"center center","background-size":"auto","background-attachment":"scroll","background-type":"","background-media":"","overlay-type":"","overlay-color":"","overlay-opacity":"","overlay-gradient":""}},"ast-content-background-meta":{"desktop":{"background-color":"var(--ast-global-color-5)","background-image":"","background-repeat":"repeat","background-position":"center center","background-size":"auto","background-attachment":"scroll","background-type":"","background-media":"","overlay-type":"","overlay-color":"","overlay-opacity":"","overlay-gradient":""},"tablet":{"background-color":"var(--ast-global-color-5)","background-image":"","background-repeat":"repeat","background-position":"center center","background-size":"auto","background-attachment":"scroll","background-type":"","background-media":"","overlay-type":"","overlay-color":"","overlay-opacity":"","overlay-gradient":""},"mobile":{"background-color":"var(--ast-global-color-5)","background-image":"","background-repeat":"repeat","background-position":"center center","background-size":"auto","background-attachment":"scroll","background-type":"","background-media":"","overlay-type":"","overlay-color":"","overlay-opacity":"","overlay-gradient":""}},"footnotes":""},"class_list":["post-1275","page","type-page","status-publish","hentry"],"_links":{"self":[{"href":"https:\/\/conferenciacientifica.uem.mz\/index.php\/wp-json\/wp\/v2\/pages\/1275","targetHints":{"allow":["GET"]}}],"collection":[{"href":"https:\/\/conferenciacientifica.uem.mz\/index.php\/wp-json\/wp\/v2\/pages"}],"about":[{"href":"https:\/\/conferenciacientifica.uem.mz\/index.php\/wp-json\/wp\/v2\/types\/page"}],"author":[{"embeddable":true,"href":"https:\/\/conferenciacientifica.uem.mz\/index.php\/wp-json\/wp\/v2\/users\/6"}],"replies":[{"embeddable":true,"href":"https:\/\/conferenciacientifica.uem.mz\/index.php\/wp-json\/wp\/v2\/comments?post=1275"}],"version-history":[{"count":5,"href":"https:\/\/conferenciacientifica.uem.mz\/index.php\/wp-json\/wp\/v2\/pages\/1275\/revisions"}],"predecessor-version":[{"id":1424,"href":"https:\/\/conferenciacientifica.uem.mz\/index.php\/wp-json\/wp\/v2\/pages\/1275\/revisions\/1424"}],"wp:attachment":[{"href":"https:\/\/conferenciacientifica.uem.mz\/index.php\/wp-json\/wp\/v2\/media?parent=1275"}],"curies":[{"name":"wp","href":"https:\/\/api.w.org\/{rel}","templated":true}]}}