{"id":1282,"date":"2025-03-16T12:56:01","date_gmt":"2025-03-16T12:56:01","guid":{"rendered":"https:\/\/conferenciacientifica.uem.mz\/?page_id=1282"},"modified":"2025-03-16T13:00:46","modified_gmt":"2025-03-16T13:00:46","slug":"descricao-das-areas-tematicas","status":"publish","type":"page","link":"https:\/\/conferenciacientifica.uem.mz\/index.php\/descricao-das-areas-tematicas\/","title":{"rendered":"DESCRI\u00c7\u00c3O DAS \u00c1REAS TEM\u00c1TICAS"},"content":{"rendered":"\n<figure class=\"wp-block-image size-full is-resized\"><img fetchpriority=\"high\" decoding=\"async\" width=\"906\" height=\"345\" src=\"https:\/\/conferenciacientifica.uem.mz\/wp-content\/uploads\/2025\/03\/image-1.gif\" alt=\"\" class=\"wp-image-1286\" style=\"width:402px;height:auto\"\/><\/figure>\n\n\n\n<p><strong>DESCRI\u00c7\u00c3O DAS \u00c1REAS TEM\u00c1TICAS DA XIII <\/strong><strong>CONFER\u00caNCIA<\/strong> <strong>CIENT\u00cdFICA DA UEM 2025<\/strong><\/p>\n\n\n\n<p><strong>&nbsp;1. Sa\u00fade e bem-estar<\/strong><\/p>\n\n\n\n<p>A investiga\u00e7\u00e3o em sa\u00fade est\u00e1 orientada para atender os desafios concretos da sa\u00fade da popula\u00e7\u00e3o<\/p>\n\n\n\n<p>(humana e animal) no pa\u00eds e inclui aspectos de medicina convencional e medicina alternativa e<\/p>\n\n\n\n<p>complementar, promo\u00e7\u00e3o de sa\u00fade, aspectos socioculturais e bem-estar.<\/p>\n\n\n\n<p><strong>2. Recursos Naturais, Ambiente e Mudan\u00e7as Clim\u00e1ticas<\/strong><\/p>\n\n\n\n<p><strong>Este eixo inclui tem\u00e1ticas<\/strong>&nbsp;&nbsp;&nbsp;&nbsp; &nbsp;com enfoque na gest\u00e3o integrada de recursos naturais, conserva\u00e7\u00e3o da biodiversidade, impactos clim\u00e1ticos, pol\u00edticas ambientais, tecnologias verdes e adapta\u00e7\u00e3o\/mitiga\u00e7\u00e3o clim\u00e1tica.<\/p>\n\n\n\n<p><strong>3. Engenharia, Inova\u00e7\u00e3o e Transforma\u00e7\u00e3o Tecnol\u00f3gica<\/strong><\/p>\n\n\n\n<p>Nesta tem\u00e1tica espera-se receber trabalhos ligados a inova\u00e7\u00f5es e transforma\u00e7\u00e3o tecnol\u00f3gicas em processos industriais o que inclui as fontes de energia, <em>layout<\/em>, sistemas de transporte, automatiza\u00e7\u00e3o e manuseio de materiais.<\/p>\n\n\n\n<p><strong>4. Produ\u00e7\u00e3o Agr\u00edcola, Animal e Florestal<\/strong><\/p>\n\n\n\n<p>Nesta tem\u00e1tica espera-se receber trabalhos sobre melhoria dos sistemas de produ\u00e7\u00e3o agr\u00edcola., animal e florestal orientada a pequenos, m\u00e9dios e grandes produtores, cobrindo toda a cadeia de valor e sistemas de mercados agr\u00edcolas para uma produ\u00e7\u00e3o sustentada e integrada.<\/p>\n\n\n\n<p><strong>5. Governa\u00e7\u00e3o, Economia e Direitos Humanos<\/strong><\/p>\n\n\n\n<p>Nesta tem\u00e1tica espera-se receber trabalhos sobre an\u00e1lise de pol\u00edticas, de quest\u00f5es relativas a direitos e deveres dos cidad\u00e3os, quest\u00f5es de \u00e9tica, assim como a promo\u00e7\u00e3o da sustentabilidade econ\u00f3mica, gest\u00e3o organizacional, competitividade empresarial, empreendedorismo e rela\u00e7\u00f5es de trabalho.<\/p>\n\n\n\n<p><strong>6. Territ\u00f3rio, Popula\u00e7\u00e3o e Desenvolvimento Sustent\u00e1vel<\/strong><\/p>\n\n\n\n<p>Nesta tem\u00e1tica espera-se receber trabalhos que versem sobre as componentes da din\u00e2mica demogr\u00e1fica, distribui\u00e7\u00e3o e redistribui\u00e7\u00e3o da popula\u00e7\u00e3o, formas de ocupa\u00e7\u00e3o no espa\u00e7o, assim como as rela\u00e7\u00f5es socioecon\u00f3micas, pol\u00edticas e com a natureza, desenvolvimento compat\u00edvel com o clima, e desenvolvimento sustent\u00e1vel integrativo no contexto nacional e regional.<\/p>\n\n\n\n<p><strong>7. Cultura, Sociedade, Educa\u00e7\u00e3o e Informa\u00e7\u00e3o<\/strong><\/p>\n\n\n\n<p>Nesta tem\u00e1tica espera-se receber trabalhos com enfoque no conhecimento da sociedade, as pr\u00e1ticas da vida quotidiana, a comunica\u00e7\u00e3o e a educa\u00e7\u00e3o. A tem\u00e1tica acolhe tamb\u00e9m trabalhos dedicados a estudos comportamentais e de l\u00ednguas, aos espa\u00e7os de intera\u00e7\u00e3o cultural e din\u00e2mica de identidades.<\/p>\n\n\n\n<p><strong>8. Intelig\u00eancia Artificial e TICs<\/strong><\/p>\n\n\n\n<p>Nesta tem\u00e1tica espera-se receber trabalhos que incluem aplica\u00e7\u00f5es de intelig\u00eancia artificial<em>, machine learning<\/em>, <em>big data<\/em>, ciberseguran\u00e7a, internet das coisas (IoT), computa\u00e7\u00e3o em nuvem, transforma\u00e7\u00e3o digital e impacto das TICs na sociedade e na ind\u00fastria<\/p>\n\n\n\n<p><strong>9. Transversais<sup><\/sup><\/strong><\/p>\n\n\n\n<p>Nesta tem\u00e1tica espera-se receber trabalhos transversais \u00e0s outras \u00e1reas tem\u00e1ticas assim como de outras que n\u00e3o estejam devidamente enquadradas na descri\u00e7\u00e3o anteriormente feita, por exemplo G\u00e9nero, Desporto, Cidadania e outros.&nbsp; <strong><\/strong><\/p>\n","protected":false},"excerpt":{"rendered":"<p>DESCRI\u00c7\u00c3O DAS \u00c1REAS TEM\u00c1TICAS DA XIII CONFER\u00caNCIA CIENT\u00cdFICA DA UEM 2025 &nbsp;1. Sa\u00fade e bem-estar A investiga\u00e7\u00e3o em sa\u00fade est\u00e1 [&hellip;]<\/p>\n","protected":false},"author":6,"featured_media":0,"parent":0,"menu_order":0,"comment_status":"closed","ping_status":"closed","template":"","meta":{"site-sidebar-layout":"default","site-content-layout":"","ast-site-content-layout":"","site-content-style":"default","site-sidebar-style":"default","ast-global-header-display":"","ast-banner-title-visibility":"","ast-main-header-display":"","ast-hfb-above-header-display":"","ast-hfb-below-header-display":"","ast-hfb-mobile-header-display":"","site-post-title":"","ast-breadcrumbs-content":"","ast-featured-img":"","footer-sml-layout":"","theme-transparent-header-meta":"","adv-header-id-meta":"","stick-header-meta":"","header-above-stick-meta":"","header-main-stick-meta":"","header-below-stick-meta":"","astra-migrate-meta-layouts":"default","ast-page-background-enabled":"default","ast-page-background-meta":{"desktop":{"background-color":"var(--ast-global-color-4)","background-image":"","background-repeat":"repeat","background-position":"center center","background-size":"auto","background-attachment":"scroll","background-type":"","background-media":"","overlay-type":"","overlay-color":"","overlay-opacity":"","overlay-gradient":""},"tablet":{"background-color":"","background-image":"","background-repeat":"repeat","background-position":"center center","background-size":"auto","background-attachment":"scroll","background-type":"","background-media":"","overlay-type":"","overlay-color":"","overlay-opacity":"","overlay-gradient":""},"mobile":{"background-color":"","background-image":"","background-repeat":"repeat","background-position":"center center","background-size":"auto","background-attachment":"scroll","background-type":"","background-media":"","overlay-type":"","overlay-color":"","overlay-opacity":"","overlay-gradient":""}},"ast-content-background-meta":{"desktop":{"background-color":"var(--ast-global-color-5)","background-image":"","background-repeat":"repeat","background-position":"center center","background-size":"auto","background-attachment":"scroll","background-type":"","background-media":"","overlay-type":"","overlay-color":"","overlay-opacity":"","overlay-gradient":""},"tablet":{"background-color":"var(--ast-global-color-5)","background-image":"","background-repeat":"repeat","background-position":"center center","background-size":"auto","background-attachment":"scroll","background-type":"","background-media":"","overlay-type":"","overlay-color":"","overlay-opacity":"","overlay-gradient":""},"mobile":{"background-color":"var(--ast-global-color-5)","background-image":"","background-repeat":"repeat","background-position":"center center","background-size":"auto","background-attachment":"scroll","background-type":"","background-media":"","overlay-type":"","overlay-color":"","overlay-opacity":"","overlay-gradient":""}},"footnotes":""},"class_list":["post-1282","page","type-page","status-publish","hentry"],"_links":{"self":[{"href":"https:\/\/conferenciacientifica.uem.mz\/index.php\/wp-json\/wp\/v2\/pages\/1282","targetHints":{"allow":["GET"]}}],"collection":[{"href":"https:\/\/conferenciacientifica.uem.mz\/index.php\/wp-json\/wp\/v2\/pages"}],"about":[{"href":"https:\/\/conferenciacientifica.uem.mz\/index.php\/wp-json\/wp\/v2\/types\/page"}],"author":[{"embeddable":true,"href":"https:\/\/conferenciacientifica.uem.mz\/index.php\/wp-json\/wp\/v2\/users\/6"}],"replies":[{"embeddable":true,"href":"https:\/\/conferenciacientifica.uem.mz\/index.php\/wp-json\/wp\/v2\/comments?post=1282"}],"version-history":[{"count":3,"href":"https:\/\/conferenciacientifica.uem.mz\/index.php\/wp-json\/wp\/v2\/pages\/1282\/revisions"}],"predecessor-version":[{"id":1290,"href":"https:\/\/conferenciacientifica.uem.mz\/index.php\/wp-json\/wp\/v2\/pages\/1282\/revisions\/1290"}],"wp:attachment":[{"href":"https:\/\/conferenciacientifica.uem.mz\/index.php\/wp-json\/wp\/v2\/media?parent=1282"}],"curies":[{"name":"wp","href":"https:\/\/api.w.org\/{rel}","templated":true}]}}