{"id":1316,"date":"2025-06-28T22:03:12","date_gmt":"2025-06-28T22:03:12","guid":{"rendered":"https:\/\/conferenciacientifica.uem.mz\/?page_id=1316"},"modified":"2025-08-17T08:00:48","modified_gmt":"2025-08-17T08:00:48","slug":"instrucoes-e-templates-para-elaboracao-das-apresentacoes-orais-e-poster","status":"publish","type":"page","link":"https:\/\/conferenciacientifica.uem.mz\/index.php\/instrucoes-e-templates-para-elaboracao-das-apresentacoes-orais-e-poster\/","title":{"rendered":"Instru\u00e7\u00f5es para apresenta\u00e7\u00e3o de comunica\u00e7\u00f5es nas sess\u00f5es paralelas"},"content":{"rendered":"\n<p>Na XIII Confer\u00eancia Cient\u00edfica da UEM 2025, os autores das comunica\u00e7\u00f5es aceites para apresenta\u00e7\u00e3o na forma de comunica\u00e7\u00e3o oral, ter\u00e3o a oportunidade de fazer a apresenta\u00e7\u00e3o do seu trabalho nas sess\u00f5es paralelas.<\/p>\n\n\n\n<p>Os autores devem consultar a data e hor\u00e1rio da sua apresenta\u00e7\u00e3o no programa da confer\u00eancia que ser\u00e1 disponibilizado no site <a href=\"https:\/\/conferenciacientifica.uem.mz\" target=\"_blank\" rel=\"noreferrer noopener\">https:\/\/conferenciacientifica.uem.mz<\/a>. Note que n\u00e3o ser\u00e1 poss\u00edvel a altera\u00e7\u00e3o de datas e nem de hor\u00e1rios. Caso n\u00e3o possa fazer a sua apresenta\u00e7\u00e3o queira, por favor, comunicar com anteced\u00eancia m\u00ednima de tr\u00eas dias do in\u00edcio da confer\u00eancia pelo email <strong>conferenciacientifica@uem.mz<\/strong>. A aus\u00eancia implicar\u00e1 a n\u00e3o emiss\u00e3o do certificado.<\/p>\n\n\n\n<p>A apresenta\u00e7\u00e3o de cada comunica\u00e7\u00e3o nas sess\u00f5es paralelas tem\u00e1ticas seguir\u00e1 a sequ\u00eancia apresentada no programa da confer\u00eancia e ter\u00e1 a dura\u00e7\u00e3o m\u00e1xima de 10 minutos, pelo que se recomenda o cumprimento rigoroso do tempo. Ap\u00f3s a apresenta\u00e7\u00e3o das comunica\u00e7\u00f5es programadas para cada sess\u00e3o paralela, o moderador orientar\u00e1 o debate.<\/p>\n\n\n\n<p>Solicitamos<em>,<\/em> por favor, que envie a sua apresenta\u00e7\u00e3o no formato PPT ou PPTX gravado com o n\u00famero de submiss\u00e3o do seu resumo, seguido do 1\u00ba Nome e Apelido do autor (ex. 01010-MARIA JOS\u00c9) para o Email <a href=\"mailto:conferenciacientifica@uem.mz\">conferenciacientifica@uem.mz<\/a>,<strong> <\/strong><strong>at\u00e9 ao dia 22 de agosto de 2025<\/strong>.<\/p>\n\n\n\n<p>Na mensagem de envio, indique a \u00e1rea tem\u00e1tica (dentre as \u00e1reas tem\u00e1ticas anunciadas no edital desta Confer\u00eancia) ou o nome do simp\u00f3sio a que a comunica\u00e7\u00e3o foi aceite e respectiva identifica\u00e7\u00e3o do resumo (ex. 01010-MARIA JOS\u00c9).<\/p>\n\n\n\n<p><br><strong>Para que n\u00e3o haja atrasos, solicitamos a presen\u00e7a do autor-apresentador na sala com 30 minutos de anteced\u00eancia.<\/strong><\/p>\n\n\n\n<p>Para descarregar o template da apresenta\u00e7\u00e3o oral <a href=\"https:\/\/conferenciacientifica.uem.mz\/wp-content\/uploads\/2025\/06\/Master-Slide-Ppt_UEM-XIII-CCientifica.pptx\">CLIQUE AQUI<\/a><br>Desejamos a todos um excelente evento!<\/p>\n\n\n\n<p><\/p>\n","protected":false},"excerpt":{"rendered":"<p>Na XIII Confer\u00eancia Cient\u00edfica da UEM 2025, os autores das comunica\u00e7\u00f5es aceites para apresenta\u00e7\u00e3o na forma de comunica\u00e7\u00e3o oral, ter\u00e3o [&hellip;]<\/p>\n","protected":false},"author":6,"featured_media":0,"parent":0,"menu_order":0,"comment_status":"closed","ping_status":"closed","template":"","meta":{"site-sidebar-layout":"default","site-content-layout":"","ast-site-content-layout":"","site-content-style":"default","site-sidebar-style":"default","ast-global-header-display":"","ast-banner-title-visibility":"","ast-main-header-display":"","ast-hfb-above-header-display":"","ast-hfb-below-header-display":"","ast-hfb-mobile-header-display":"","site-post-title":"","ast-breadcrumbs-content":"","ast-featured-img":"","footer-sml-layout":"","theme-transparent-header-meta":"","adv-header-id-meta":"","stick-header-meta":"","header-above-stick-meta":"","header-main-stick-meta":"","header-below-stick-meta":"","astra-migrate-meta-layouts":"default","ast-page-background-enabled":"default","ast-page-background-meta":{"desktop":{"background-color":"var(--ast-global-color-4)","background-image":"","background-repeat":"repeat","background-position":"center center","background-size":"auto","background-attachment":"scroll","background-type":"","background-media":"","overlay-type":"","overlay-color":"","overlay-opacity":"","overlay-gradient":""},"tablet":{"background-color":"","background-image":"","background-repeat":"repeat","background-position":"center center","background-size":"auto","background-attachment":"scroll","background-type":"","background-media":"","overlay-type":"","overlay-color":"","overlay-opacity":"","overlay-gradient":""},"mobile":{"background-color":"","background-image":"","background-repeat":"repeat","background-position":"center center","background-size":"auto","background-attachment":"scroll","background-type":"","background-media":"","overlay-type":"","overlay-color":"","overlay-opacity":"","overlay-gradient":""}},"ast-content-background-meta":{"desktop":{"background-color":"var(--ast-global-color-5)","background-image":"","background-repeat":"repeat","background-position":"center center","background-size":"auto","background-attachment":"scroll","background-type":"","background-media":"","overlay-type":"","overlay-color":"","overlay-opacity":"","overlay-gradient":""},"tablet":{"background-color":"var(--ast-global-color-5)","background-image":"","background-repeat":"repeat","background-position":"center center","background-size":"auto","background-attachment":"scroll","background-type":"","background-media":"","overlay-type":"","overlay-color":"","overlay-opacity":"","overlay-gradient":""},"mobile":{"background-color":"var(--ast-global-color-5)","background-image":"","background-repeat":"repeat","background-position":"center center","background-size":"auto","background-attachment":"scroll","background-type":"","background-media":"","overlay-type":"","overlay-color":"","overlay-opacity":"","overlay-gradient":""}},"footnotes":""},"class_list":["post-1316","page","type-page","status-publish","hentry"],"_links":{"self":[{"href":"https:\/\/conferenciacientifica.uem.mz\/index.php\/wp-json\/wp\/v2\/pages\/1316","targetHints":{"allow":["GET"]}}],"collection":[{"href":"https:\/\/conferenciacientifica.uem.mz\/index.php\/wp-json\/wp\/v2\/pages"}],"about":[{"href":"https:\/\/conferenciacientifica.uem.mz\/index.php\/wp-json\/wp\/v2\/types\/page"}],"author":[{"embeddable":true,"href":"https:\/\/conferenciacientifica.uem.mz\/index.php\/wp-json\/wp\/v2\/users\/6"}],"replies":[{"embeddable":true,"href":"https:\/\/conferenciacientifica.uem.mz\/index.php\/wp-json\/wp\/v2\/comments?post=1316"}],"version-history":[{"count":7,"href":"https:\/\/conferenciacientifica.uem.mz\/index.php\/wp-json\/wp\/v2\/pages\/1316\/revisions"}],"predecessor-version":[{"id":1406,"href":"https:\/\/conferenciacientifica.uem.mz\/index.php\/wp-json\/wp\/v2\/pages\/1316\/revisions\/1406"}],"wp:attachment":[{"href":"https:\/\/conferenciacientifica.uem.mz\/index.php\/wp-json\/wp\/v2\/media?parent=1316"}],"curies":[{"name":"wp","href":"https:\/\/api.w.org\/{rel}","templated":true}]}}