{"id":1330,"date":"2025-06-28T22:36:59","date_gmt":"2025-06-28T22:36:59","guid":{"rendered":"https:\/\/conferenciacientifica.uem.mz\/?page_id=1330"},"modified":"2025-08-17T08:09:55","modified_gmt":"2025-08-17T08:09:55","slug":"instrucoes-e-templates-para-elaboracao-de-poster","status":"publish","type":"page","link":"https:\/\/conferenciacientifica.uem.mz\/index.php\/instrucoes-e-templates-para-elaboracao-de-poster\/","title":{"rendered":"Instru\u00e7\u00f5es para a Sess\u00e3o e-Poster"},"content":{"rendered":"\n<p class=\"has-text-align-center\"><strong>\u201cO meu Poster em 1 minuto\u201d<\/strong><\/p>\n\n\n\n<p><br>Nas confer\u00eancias acad\u00e9micas, a exibi\u00e7\u00e3o de poster tem sido uma das formas de comunicar de maneira sucinta os resultados de trabalhos de investiga\u00e7\u00e3o. Na forma tradicional os posters s\u00e3o impressos e afixados no \u00e1trio e o autor, em diferentes momentos, posiciona-se junto ao seu poster e aguarda que os participantes tenham interesse e fa\u00e7am perguntas.<br>Na XIII Confer\u00eancia Cient\u00edfica da UEM, 2025, al\u00e9m da exibi\u00e7\u00e3o do poster na forma impressa os autores ter\u00e3o a oportunidade de fazer uma apresenta\u00e7\u00e3o sucinta do seu poster em 2 minutos numa sess\u00e3o plen\u00e1ria e-Poster designada \u201cO Meu Poster em 1 Minuto\u201d (para detalhes sobre o dia da apresenta\u00e7\u00e3o consulte o programa da Confer\u00eancia).<\/p>\n\n\n\n<p><br>Para a sess\u00e3o o meu poster em 1 minuto, os autores dever\u00e3o seguir as seguintes instru\u00e7\u00f5es:<\/p>\n\n\n\n<ol class=\"wp-block-list\">\n<li>Preparar o seu poster e transformar a vers\u00e3o final em PDF e JPG (vide as instru\u00e7\u00f5es <a href=\"https:\/\/conferenciacientifica.uem.mz\/index.php\/instrucoes-para-a-elaboracao-dos-posters\/\" data-type=\"link\" data-id=\"https:\/\/conferenciacientifica.uem.mz\/index.php\/instrucoes-para-a-elaboracao-dos-posters\/\" target=\"_blank\" rel=\"noreferrer noopener\">aqui <\/a>e o template <a href=\"https:\/\/conferenciacientifica.uem.mz\/wp-content\/uploads\/2025\/06\/Modelo-de-Poster-XIIICCUEM2025.pptx\" data-type=\"link\" data-id=\"https:\/\/conferenciacientifica.uem.mz\/wp-content\/uploads\/2025\/06\/Modelo-de-Poster-XIIICCUEM2025.pptx\">aqui<\/a>).<\/li>\n\n\n\n<li>Assegurar-se de que o file pode ser projectado, numa tela ou parede, como um \u00fanico slide ou p\u00e1gina \u00fanica.<\/li>\n\n\n\n<li>Submeter o poster (gravado com o n\u00famero de submiss\u00e3o do seu resumo, seguido do 1\u00ba Nome e Apelido do autor (ex. <strong>01010-MARIA JOS\u00c9)<\/strong>), por email para <strong>conferenciacientifica@uem.mz<\/strong> at\u00e9 o dia <strong>22 de agosto de 2025.<\/strong><br>Na mensagem de envio, indique a \u00e1rea tem\u00e1tica (dentre as \u00e1reas tem\u00e1ticas anunciadas no edital desta Confer\u00eancia) ou o nome do simp\u00f3sio a que a comunica\u00e7\u00e3o foi aceite e o respectivo c\u00f3digo do resumo (ex. <strong>01010-MARIA JOS\u00c9<\/strong>).<\/li>\n\n\n\n<li>Preparar-se para apresentar o poster num tempo m\u00e1ximo de 2 minutos. Espera-se que nesse tempo o(a) autor(a) transmita a mensagem principal do seu trabalho.<\/li>\n\n\n\n<li>Cumprir rigorosamente o tempo de apresenta\u00e7\u00e3o (tempo m\u00e1ximo de 2 minutos).<\/li>\n<\/ol>\n\n\n\n<p>A apresenta\u00e7\u00e3o do poster \u00e9 presencial, havendo algumas excep\u00e7\u00f5es para apresenta\u00e7\u00e3o no modo remoto, via Zoom. Neste \u00faltimo caso, o apresentador ao enviar o poster deve comunicar que pretende fazer a sua apresenta\u00e7\u00e3o no modo virtual. A ordem de apresenta\u00e7\u00e3o de cada poster ser\u00e1 comunicada previamente.<\/p>\n\n\n\n<p><br><em>Boa sorte!<\/em><\/p>\n\n\n\n<p><\/p>\n","protected":false},"excerpt":{"rendered":"<p>\u201cO meu Poster em 1 minuto\u201d Nas confer\u00eancias acad\u00e9micas, a exibi\u00e7\u00e3o de poster tem sido uma das formas de comunicar [&hellip;]<\/p>\n","protected":false},"author":6,"featured_media":0,"parent":0,"menu_order":0,"comment_status":"closed","ping_status":"closed","template":"","meta":{"site-sidebar-layout":"default","site-content-layout":"","ast-site-content-layout":"","site-content-style":"default","site-sidebar-style":"default","ast-global-header-display":"","ast-banner-title-visibility":"","ast-main-header-display":"","ast-hfb-above-header-display":"","ast-hfb-below-header-display":"","ast-hfb-mobile-header-display":"","site-post-title":"","ast-breadcrumbs-content":"","ast-featured-img":"","footer-sml-layout":"","theme-transparent-header-meta":"","adv-header-id-meta":"","stick-header-meta":"","header-above-stick-meta":"","header-main-stick-meta":"","header-below-stick-meta":"","astra-migrate-meta-layouts":"default","ast-page-background-enabled":"default","ast-page-background-meta":{"desktop":{"background-color":"var(--ast-global-color-4)","background-image":"","background-repeat":"repeat","background-position":"center center","background-size":"auto","background-attachment":"scroll","background-type":"","background-media":"","overlay-type":"","overlay-color":"","overlay-opacity":"","overlay-gradient":""},"tablet":{"background-color":"","background-image":"","background-repeat":"repeat","background-position":"center center","background-size":"auto","background-attachment":"scroll","background-type":"","background-media":"","overlay-type":"","overlay-color":"","overlay-opacity":"","overlay-gradient":""},"mobile":{"background-color":"","background-image":"","background-repeat":"repeat","background-position":"center center","background-size":"auto","background-attachment":"scroll","background-type":"","background-media":"","overlay-type":"","overlay-color":"","overlay-opacity":"","overlay-gradient":""}},"ast-content-background-meta":{"desktop":{"background-color":"var(--ast-global-color-5)","background-image":"","background-repeat":"repeat","background-position":"center center","background-size":"auto","background-attachment":"scroll","background-type":"","background-media":"","overlay-type":"","overlay-color":"","overlay-opacity":"","overlay-gradient":""},"tablet":{"background-color":"var(--ast-global-color-5)","background-image":"","background-repeat":"repeat","background-position":"center center","background-size":"auto","background-attachment":"scroll","background-type":"","background-media":"","overlay-type":"","overlay-color":"","overlay-opacity":"","overlay-gradient":""},"mobile":{"background-color":"var(--ast-global-color-5)","background-image":"","background-repeat":"repeat","background-position":"center center","background-size":"auto","background-attachment":"scroll","background-type":"","background-media":"","overlay-type":"","overlay-color":"","overlay-opacity":"","overlay-gradient":""}},"footnotes":""},"class_list":["post-1330","page","type-page","status-publish","hentry"],"_links":{"self":[{"href":"https:\/\/conferenciacientifica.uem.mz\/index.php\/wp-json\/wp\/v2\/pages\/1330","targetHints":{"allow":["GET"]}}],"collection":[{"href":"https:\/\/conferenciacientifica.uem.mz\/index.php\/wp-json\/wp\/v2\/pages"}],"about":[{"href":"https:\/\/conferenciacientifica.uem.mz\/index.php\/wp-json\/wp\/v2\/types\/page"}],"author":[{"embeddable":true,"href":"https:\/\/conferenciacientifica.uem.mz\/index.php\/wp-json\/wp\/v2\/users\/6"}],"replies":[{"embeddable":true,"href":"https:\/\/conferenciacientifica.uem.mz\/index.php\/wp-json\/wp\/v2\/comments?post=1330"}],"version-history":[{"count":6,"href":"https:\/\/conferenciacientifica.uem.mz\/index.php\/wp-json\/wp\/v2\/pages\/1330\/revisions"}],"predecessor-version":[{"id":1407,"href":"https:\/\/conferenciacientifica.uem.mz\/index.php\/wp-json\/wp\/v2\/pages\/1330\/revisions\/1407"}],"wp:attachment":[{"href":"https:\/\/conferenciacientifica.uem.mz\/index.php\/wp-json\/wp\/v2\/media?parent=1330"}],"curies":[{"name":"wp","href":"https:\/\/api.w.org\/{rel}","templated":true}]}}