{"id":1345,"date":"2025-06-29T17:04:00","date_gmt":"2025-06-29T17:04:00","guid":{"rendered":"https:\/\/conferenciacientifica.uem.mz\/?page_id=1345"},"modified":"2025-08-17T08:12:41","modified_gmt":"2025-08-17T08:12:41","slug":"instrucoes-para-a-elaboracao-dos-posters","status":"publish","type":"page","link":"https:\/\/conferenciacientifica.uem.mz\/index.php\/instrucoes-para-a-elaboracao-dos-posters\/","title":{"rendered":"INSTRU\u00c7\u00d5ES PARA A ELABORA\u00c7\u00c3O DOS POSTERS"},"content":{"rendered":"\n<ol start=\"1\" class=\"wp-block-list\">\n<li><strong>OBJECTIVO DA SESS\u00c3O DE POSTERS<\/strong><br>Pretende-se com esta sess\u00e3o proporcionar aos autores e interessados uma oportunidade para apresentar e discutir o conte\u00fado do trabalho na forma de poster, estimulando o interc\u00e2mbio t\u00e9cnico-cient\u00edfico e, eventualmente, uma futura coopera\u00e7\u00e3o.<br>A apresenta\u00e7\u00e3o do poster ser\u00e1 feita no formato f\u00edsico e virtual (e-poster) (vide instru\u00e7\u00f5es de elabora\u00e7\u00e3o no ponto 2).<br>Para o formato virtual, os autores ir\u00e3o apresentar o seu e-poster em 2 minutos numa sess\u00e3o espec\u00edfica para o efeito. Para mais detalhes sobre esta sess\u00e3o, veja as instru\u00e7\u00f5es para a sess\u00e3o virtual e-poster.<\/li>\n\n\n\n<li><strong>FORMATO<\/strong><br>a) Os posters devem ter a dimens\u00e3o m\u00e1xima de 59.4 cm de largura por 84.1 cm de altura (preferencialmente em formato A1);<br>b) Os posters devem ter no cabe\u00e7alho o t\u00edtulo do trabalho (em letras de imprensa com 2.5 cm de altura), o(s) nome(s) do(s) autor(es), a afilia\u00e7\u00e3o institucional (local de trabalho) e o endere\u00e7o electr\u00f3nico do autor que vai apresentar o poster;<br>c) Os posters devem estar organizados de forma l\u00f3gica e ordenada de alto a baixo ou da esquerda para a direita;<br>d) Os posters devem conter as seguintes sec\u00e7\u00f5es:\n<ul class=\"wp-block-list\">\n<li>Introdu\u00e7\u00e3o<\/li>\n\n\n\n<li>Objectivo(s)<\/li>\n\n\n\n<li>Metodologia<\/li>\n\n\n\n<li>Resultados<\/li>\n\n\n\n<li>Conclus\u00f5es<\/li>\n<\/ul>\n<\/li>\n<\/ol>\n\n\n\n<ul class=\"wp-block-list\">\n<li>Tr\u00eas refer\u00eancias (com tamanho de letra menor que as restantes sec\u00e7\u00f5es do Poster).<br>e) O Autor, querendo, pode incluir nos resultados elementos n\u00e3o textuais: mapas, fotografias, desenhos, gr\u00e1ficos ou outros.<br>f) As sec\u00e7\u00f5es dos posters devem ser leg\u00edveis a uma dist\u00e2ncia de aproximadamente 1 metro.<\/li>\n<\/ul>\n\n\n\n<ol start=\"3\" class=\"wp-block-list\">\n<li><strong>AFIXA\u00c7\u00c3O E RETIRADA DOS POSTERS<\/strong><br>a) Os posters dever\u00e3o ser afixados nos pain\u00e9is pelos pr\u00f3prios autores, no dia anterior \u00e0 data indicada para apresenta\u00e7\u00e3o;<br>b) O Secretariado da Confer\u00eancia Cient\u00edfica disponibilizar\u00e1 todo o material necess\u00e1rio para afixa\u00e7\u00e3o dos posters;<br>c) Os autores devem proceder \u00e0 retirada dos posters no fim sess\u00e3o. A Comiss\u00e3o Organizadora reserva-se o direito de retirar os posters que permanecerem no local da exposi\u00e7\u00e3o depois deste per\u00edodo;<br>d) Os autores dever\u00e3o estar presentes no local da exposi\u00e7\u00e3o dos posters nos per\u00edodos programados para a sua apresenta\u00e7\u00e3o conforme definido no Programa da Confer\u00eancia.<\/li>\n\n\n\n<li><strong>ENVIO DOS POSTERS<\/strong><br>Os posters devem ser enviados \u00e0 comiss\u00e3o organizadora em dois formatos:\n<ul class=\"wp-block-list\">\n<li>No formato digital (PDF e JPG) gravado com o n\u00famero de submiss\u00e3o do seu resumo, seguido do 1\u00ba Nome e Apelido do autor (ex. 01010-MARIA JOS\u00c9), para apresenta\u00e7\u00e3o na sess\u00e3o plen\u00e1ria \u201cO Meu Poster em 1 Minuto\u201d, at\u00e9 ao dia <strong>22 de agosto de 2025<\/strong>, atrav\u00e9s do seguinte endere\u00e7o eletcr\u00f3nico conferenciacientifica@uem.mz<\/li>\n\n\n\n<li>No formato f\u00edsico (p\u00f3ster impresso) para apresenta\u00e7\u00e3o na sess\u00e3o de exibi\u00e7\u00e3o de posters, devendo ser entregue \u00e0 Direc\u00e7\u00e3o Cient\u00edfica at\u00e9 o dia <strong>12 de Setembro de 2025.<\/strong> Nota. A impress\u00e3o do poster \u00e9 da responsabilidade dos autores.<\/li>\n<\/ul>\n<\/li>\n<\/ol>\n\n\n\n<p><em>Bom trabalho!<\/em><\/p>\n\n\n\n<p><\/p>\n","protected":false},"excerpt":{"rendered":"<p>Bom trabalho!<\/p>\n","protected":false},"author":6,"featured_media":0,"parent":0,"menu_order":0,"comment_status":"closed","ping_status":"closed","template":"","meta":{"site-sidebar-layout":"default","site-content-layout":"","ast-site-content-layout":"","site-content-style":"default","site-sidebar-style":"default","ast-global-header-display":"","ast-banner-title-visibility":"","ast-main-header-display":"","ast-hfb-above-header-display":"","ast-hfb-below-header-display":"","ast-hfb-mobile-header-display":"","site-post-title":"","ast-breadcrumbs-content":"","ast-featured-img":"","footer-sml-layout":"","theme-transparent-header-meta":"","adv-header-id-meta":"","stick-header-meta":"","header-above-stick-meta":"","header-main-stick-meta":"","header-below-stick-meta":"","astra-migrate-meta-layouts":"default","ast-page-background-enabled":"default","ast-page-background-meta":{"desktop":{"background-color":"var(--ast-global-color-4)","background-image":"","background-repeat":"repeat","background-position":"center center","background-size":"auto","background-attachment":"scroll","background-type":"","background-media":"","overlay-type":"","overlay-color":"","overlay-opacity":"","overlay-gradient":""},"tablet":{"background-color":"","background-image":"","background-repeat":"repeat","background-position":"center center","background-size":"auto","background-attachment":"scroll","background-type":"","background-media":"","overlay-type":"","overlay-color":"","overlay-opacity":"","overlay-gradient":""},"mobile":{"background-color":"","background-image":"","background-repeat":"repeat","background-position":"center center","background-size":"auto","background-attachment":"scroll","background-type":"","background-media":"","overlay-type":"","overlay-color":"","overlay-opacity":"","overlay-gradient":""}},"ast-content-background-meta":{"desktop":{"background-color":"var(--ast-global-color-5)","background-image":"","background-repeat":"repeat","background-position":"center center","background-size":"auto","background-attachment":"scroll","background-type":"","background-media":"","overlay-type":"","overlay-color":"","overlay-opacity":"","overlay-gradient":""},"tablet":{"background-color":"var(--ast-global-color-5)","background-image":"","background-repeat":"repeat","background-position":"center center","background-size":"auto","background-attachment":"scroll","background-type":"","background-media":"","overlay-type":"","overlay-color":"","overlay-opacity":"","overlay-gradient":""},"mobile":{"background-color":"var(--ast-global-color-5)","background-image":"","background-repeat":"repeat","background-position":"center center","background-size":"auto","background-attachment":"scroll","background-type":"","background-media":"","overlay-type":"","overlay-color":"","overlay-opacity":"","overlay-gradient":""}},"footnotes":""},"class_list":["post-1345","page","type-page","status-publish","hentry"],"_links":{"self":[{"href":"https:\/\/conferenciacientifica.uem.mz\/index.php\/wp-json\/wp\/v2\/pages\/1345","targetHints":{"allow":["GET"]}}],"collection":[{"href":"https:\/\/conferenciacientifica.uem.mz\/index.php\/wp-json\/wp\/v2\/pages"}],"about":[{"href":"https:\/\/conferenciacientifica.uem.mz\/index.php\/wp-json\/wp\/v2\/types\/page"}],"author":[{"embeddable":true,"href":"https:\/\/conferenciacientifica.uem.mz\/index.php\/wp-json\/wp\/v2\/users\/6"}],"replies":[{"embeddable":true,"href":"https:\/\/conferenciacientifica.uem.mz\/index.php\/wp-json\/wp\/v2\/comments?post=1345"}],"version-history":[{"count":6,"href":"https:\/\/conferenciacientifica.uem.mz\/index.php\/wp-json\/wp\/v2\/pages\/1345\/revisions"}],"predecessor-version":[{"id":1409,"href":"https:\/\/conferenciacientifica.uem.mz\/index.php\/wp-json\/wp\/v2\/pages\/1345\/revisions\/1409"}],"wp:attachment":[{"href":"https:\/\/conferenciacientifica.uem.mz\/index.php\/wp-json\/wp\/v2\/media?parent=1345"}],"curies":[{"name":"wp","href":"https:\/\/api.w.org\/{rel}","templated":true}]}}