{"id":1360,"date":"2025-07-02T14:35:35","date_gmt":"2025-07-02T14:35:35","guid":{"rendered":"https:\/\/conferenciacientifica.uem.mz\/?page_id=1360"},"modified":"2025-07-02T15:07:36","modified_gmt":"2025-07-02T15:07:36","slug":"instrucoes-para-correccao-de-resumos","status":"publish","type":"page","link":"https:\/\/conferenciacientifica.uem.mz\/index.php\/instrucoes-para-correccao-de-resumos\/","title":{"rendered":"Instru\u00e7\u00f5es para correc\u00e7\u00e3o de resumos"},"content":{"rendered":"\n<div class=\"wp-block-columns is-layout-flex wp-container-core-columns-is-layout-28f84493 wp-block-columns-is-layout-flex\">\n<div class=\"wp-block-column is-layout-constrained wp-block-column-is-layout-constrained\" style=\"flex-basis:100%\">\n<figure class=\"wp-block-image size-large\"><img fetchpriority=\"high\" decoding=\"async\" width=\"1024\" height=\"576\" src=\"https:\/\/conferenciacientifica.uem.mz\/wp-content\/uploads\/2025\/07\/Slide1-1-1024x576.jpg\" alt=\"\" class=\"wp-image-1368\" srcset=\"https:\/\/conferenciacientifica.uem.mz\/wp-content\/uploads\/2025\/07\/Slide1-1-1024x576.jpg 1024w, https:\/\/conferenciacientifica.uem.mz\/wp-content\/uploads\/2025\/07\/Slide1-1-300x169.jpg 300w, https:\/\/conferenciacientifica.uem.mz\/wp-content\/uploads\/2025\/07\/Slide1-1-768x432.jpg 768w, https:\/\/conferenciacientifica.uem.mz\/wp-content\/uploads\/2025\/07\/Slide1-1.jpg 1280w\" sizes=\"(max-width: 1024px) 100vw, 1024px\" \/><\/figure>\n\n\n\n<figure class=\"wp-block-image size-large\"><img decoding=\"async\" width=\"1024\" height=\"576\" src=\"https:\/\/conferenciacientifica.uem.mz\/wp-content\/uploads\/2025\/07\/Slide2-1-1024x576.jpg\" alt=\"\" class=\"wp-image-1369\" srcset=\"https:\/\/conferenciacientifica.uem.mz\/wp-content\/uploads\/2025\/07\/Slide2-1-1024x576.jpg 1024w, https:\/\/conferenciacientifica.uem.mz\/wp-content\/uploads\/2025\/07\/Slide2-1-300x169.jpg 300w, https:\/\/conferenciacientifica.uem.mz\/wp-content\/uploads\/2025\/07\/Slide2-1-768x432.jpg 768w, https:\/\/conferenciacientifica.uem.mz\/wp-content\/uploads\/2025\/07\/Slide2-1.jpg 1280w\" sizes=\"(max-width: 1024px) 100vw, 1024px\" \/><\/figure>\n\n\n\n<figure class=\"wp-block-image size-large\"><img decoding=\"async\" width=\"1024\" height=\"576\" src=\"https:\/\/conferenciacientifica.uem.mz\/wp-content\/uploads\/2025\/07\/Slide3-1024x576.jpg\" alt=\"\" class=\"wp-image-1370\" srcset=\"https:\/\/conferenciacientifica.uem.mz\/wp-content\/uploads\/2025\/07\/Slide3-1024x576.jpg 1024w, https:\/\/conferenciacientifica.uem.mz\/wp-content\/uploads\/2025\/07\/Slide3-300x169.jpg 300w, https:\/\/conferenciacientifica.uem.mz\/wp-content\/uploads\/2025\/07\/Slide3-768x432.jpg 768w, https:\/\/conferenciacientifica.uem.mz\/wp-content\/uploads\/2025\/07\/Slide3.jpg 1280w\" sizes=\"(max-width: 1024px) 100vw, 1024px\" \/><\/figure>\n\n\n\n<figure class=\"wp-block-image size-large\"><img loading=\"lazy\" decoding=\"async\" width=\"1024\" height=\"576\" src=\"https:\/\/conferenciacientifica.uem.mz\/wp-content\/uploads\/2025\/07\/Slide4-1024x576.jpg\" alt=\"\" class=\"wp-image-1371\" srcset=\"https:\/\/conferenciacientifica.uem.mz\/wp-content\/uploads\/2025\/07\/Slide4-1024x576.jpg 1024w, https:\/\/conferenciacientifica.uem.mz\/wp-content\/uploads\/2025\/07\/Slide4-300x169.jpg 300w, https:\/\/conferenciacientifica.uem.mz\/wp-content\/uploads\/2025\/07\/Slide4-768x432.jpg 768w, https:\/\/conferenciacientifica.uem.mz\/wp-content\/uploads\/2025\/07\/Slide4.jpg 1280w\" sizes=\"(max-width: 1024px) 100vw, 1024px\" \/><\/figure>\n\n\n\n<figure class=\"wp-block-image size-large\"><img loading=\"lazy\" decoding=\"async\" width=\"1024\" height=\"576\" src=\"https:\/\/conferenciacientifica.uem.mz\/wp-content\/uploads\/2025\/07\/Slide5-1024x576.jpg\" alt=\"\" class=\"wp-image-1372\" srcset=\"https:\/\/conferenciacientifica.uem.mz\/wp-content\/uploads\/2025\/07\/Slide5-1024x576.jpg 1024w, https:\/\/conferenciacientifica.uem.mz\/wp-content\/uploads\/2025\/07\/Slide5-300x169.jpg 300w, https:\/\/conferenciacientifica.uem.mz\/wp-content\/uploads\/2025\/07\/Slide5-768x432.jpg 768w, https:\/\/conferenciacientifica.uem.mz\/wp-content\/uploads\/2025\/07\/Slide5.jpg 1280w\" sizes=\"(max-width: 1024px) 100vw, 1024px\" \/><\/figure>\n\n\n\n<figure class=\"wp-block-image size-large\"><img loading=\"lazy\" decoding=\"async\" width=\"1024\" height=\"576\" src=\"https:\/\/conferenciacientifica.uem.mz\/wp-content\/uploads\/2025\/07\/Slide6-1024x576.jpg\" alt=\"\" class=\"wp-image-1373\" srcset=\"https:\/\/conferenciacientifica.uem.mz\/wp-content\/uploads\/2025\/07\/Slide6-1024x576.jpg 1024w, https:\/\/conferenciacientifica.uem.mz\/wp-content\/uploads\/2025\/07\/Slide6-300x169.jpg 300w, https:\/\/conferenciacientifica.uem.mz\/wp-content\/uploads\/2025\/07\/Slide6-768x432.jpg 768w, https:\/\/conferenciacientifica.uem.mz\/wp-content\/uploads\/2025\/07\/Slide6.jpg 1280w\" sizes=\"(max-width: 1024px) 100vw, 1024px\" \/><\/figure>\n\n\n\n<figure class=\"wp-block-image size-large\"><img loading=\"lazy\" decoding=\"async\" width=\"1024\" height=\"576\" src=\"https:\/\/conferenciacientifica.uem.mz\/wp-content\/uploads\/2025\/07\/Slide7-1024x576.jpg\" alt=\"\" class=\"wp-image-1374\" srcset=\"https:\/\/conferenciacientifica.uem.mz\/wp-content\/uploads\/2025\/07\/Slide7-1024x576.jpg 1024w, https:\/\/conferenciacientifica.uem.mz\/wp-content\/uploads\/2025\/07\/Slide7-300x169.jpg 300w, https:\/\/conferenciacientifica.uem.mz\/wp-content\/uploads\/2025\/07\/Slide7-768x432.jpg 768w, https:\/\/conferenciacientifica.uem.mz\/wp-content\/uploads\/2025\/07\/Slide7.jpg 1280w\" sizes=\"(max-width: 1024px) 100vw, 1024px\" \/><\/figure>\n\n\n\n<figure class=\"wp-block-image size-large\"><img loading=\"lazy\" decoding=\"async\" width=\"1024\" height=\"576\" src=\"https:\/\/conferenciacientifica.uem.mz\/wp-content\/uploads\/2025\/07\/Slide8-1024x576.jpg\" alt=\"\" class=\"wp-image-1375\" srcset=\"https:\/\/conferenciacientifica.uem.mz\/wp-content\/uploads\/2025\/07\/Slide8-1024x576.jpg 1024w, https:\/\/conferenciacientifica.uem.mz\/wp-content\/uploads\/2025\/07\/Slide8-300x169.jpg 300w, https:\/\/conferenciacientifica.uem.mz\/wp-content\/uploads\/2025\/07\/Slide8-768x432.jpg 768w, https:\/\/conferenciacientifica.uem.mz\/wp-content\/uploads\/2025\/07\/Slide8.jpg 1280w\" sizes=\"(max-width: 1024px) 100vw, 1024px\" \/><\/figure>\n\n\n\n<figure class=\"wp-block-image size-large\"><img loading=\"lazy\" decoding=\"async\" width=\"1024\" height=\"576\" src=\"https:\/\/conferenciacientifica.uem.mz\/wp-content\/uploads\/2025\/07\/Slide9-1024x576.jpg\" alt=\"\" class=\"wp-image-1376\" srcset=\"https:\/\/conferenciacientifica.uem.mz\/wp-content\/uploads\/2025\/07\/Slide9-1024x576.jpg 1024w, https:\/\/conferenciacientifica.uem.mz\/wp-content\/uploads\/2025\/07\/Slide9-300x169.jpg 300w, https:\/\/conferenciacientifica.uem.mz\/wp-content\/uploads\/2025\/07\/Slide9-768x432.jpg 768w, https:\/\/conferenciacientifica.uem.mz\/wp-content\/uploads\/2025\/07\/Slide9.jpg 1280w\" sizes=\"(max-width: 1024px) 100vw, 1024px\" \/><\/figure>\n\n\n\n<figure class=\"wp-block-image size-large\"><img loading=\"lazy\" decoding=\"async\" width=\"1024\" height=\"576\" src=\"https:\/\/conferenciacientifica.uem.mz\/wp-content\/uploads\/2025\/07\/Slide10-1024x576.jpg\" alt=\"\" class=\"wp-image-1377\" srcset=\"https:\/\/conferenciacientifica.uem.mz\/wp-content\/uploads\/2025\/07\/Slide10-1024x576.jpg 1024w, https:\/\/conferenciacientifica.uem.mz\/wp-content\/uploads\/2025\/07\/Slide10-300x169.jpg 300w, https:\/\/conferenciacientifica.uem.mz\/wp-content\/uploads\/2025\/07\/Slide10-768x432.jpg 768w, https:\/\/conferenciacientifica.uem.mz\/wp-content\/uploads\/2025\/07\/Slide10.jpg 1280w\" sizes=\"(max-width: 1024px) 100vw, 1024px\" \/><\/figure>\n\n\n\n<figure class=\"wp-block-image size-large\"><img loading=\"lazy\" decoding=\"async\" width=\"1024\" height=\"576\" src=\"https:\/\/conferenciacientifica.uem.mz\/wp-content\/uploads\/2025\/07\/Slide11-1024x576.jpg\" alt=\"\" class=\"wp-image-1378\" srcset=\"https:\/\/conferenciacientifica.uem.mz\/wp-content\/uploads\/2025\/07\/Slide11-1024x576.jpg 1024w, https:\/\/conferenciacientifica.uem.mz\/wp-content\/uploads\/2025\/07\/Slide11-300x169.jpg 300w, https:\/\/conferenciacientifica.uem.mz\/wp-content\/uploads\/2025\/07\/Slide11-768x432.jpg 768w, https:\/\/conferenciacientifica.uem.mz\/wp-content\/uploads\/2025\/07\/Slide11.jpg 1280w\" sizes=\"(max-width: 1024px) 100vw, 1024px\" \/><\/figure>\n\n\n\n<figure class=\"wp-block-image size-large\"><img loading=\"lazy\" decoding=\"async\" width=\"1024\" height=\"576\" src=\"https:\/\/conferenciacientifica.uem.mz\/wp-content\/uploads\/2025\/07\/Slide12-1-1024x576.jpg\" alt=\"\" class=\"wp-image-1379\" srcset=\"https:\/\/conferenciacientifica.uem.mz\/wp-content\/uploads\/2025\/07\/Slide12-1-1024x576.jpg 1024w, https:\/\/conferenciacientifica.uem.mz\/wp-content\/uploads\/2025\/07\/Slide12-1-300x169.jpg 300w, https:\/\/conferenciacientifica.uem.mz\/wp-content\/uploads\/2025\/07\/Slide12-1-768x432.jpg 768w, https:\/\/conferenciacientifica.uem.mz\/wp-content\/uploads\/2025\/07\/Slide12-1.jpg 1280w\" sizes=\"(max-width: 1024px) 100vw, 1024px\" \/><\/figure>\n<\/div>\n\n\n\n<div class=\"wp-block-column is-layout-flow wp-block-column-is-layout-flow\" style=\"flex-basis:10%\">\n<p><\/p>\n\n\n\n<p><\/p>\n\n\n\n<p>Para fazer o download das instru\u00e7\u00f5es em PDF clique <a href=\"https:\/\/conferenciacientifica.uem.mz\/wp-content\/uploads\/2025\/07\/Instru\u00e7\u00f5es-para-edi\u00e7\u00e3o-de-resumos.pdf\">aqui<\/a><\/p>\n<\/div>\n<\/div>\n\n\n\n<p>Para fazer o download das instru\u00e7\u00f5es em PDF clique <a href=\"https:\/\/conferenciacientifica.uem.mz\/wp-content\/uploads\/2025\/07\/Instruc\u0327o\u0303es-para-edic\u0327a\u0303o-de-resumos.pdf\">aqui<\/a><\/p>\n\n\n\n<p><\/p>\n","protected":false},"excerpt":{"rendered":"<p>Para fazer o download das instru\u00e7\u00f5es em PDF clique aqui Para fazer o download das instru\u00e7\u00f5es em PDF clique aqui<\/p>\n","protected":false},"author":6,"featured_media":0,"parent":0,"menu_order":0,"comment_status":"closed","ping_status":"closed","template":"","meta":{"site-sidebar-layout":"default","site-content-layout":"","ast-site-content-layout":"","site-content-style":"default","site-sidebar-style":"default","ast-global-header-display":"","ast-banner-title-visibility":"","ast-main-header-display":"","ast-hfb-above-header-display":"","ast-hfb-below-header-display":"","ast-hfb-mobile-header-display":"","site-post-title":"disabled","ast-breadcrumbs-content":"","ast-featured-img":"","footer-sml-layout":"","theme-transparent-header-meta":"","adv-header-id-meta":"","stick-header-meta":"","header-above-stick-meta":"","header-main-stick-meta":"","header-below-stick-meta":"","astra-migrate-meta-layouts":"default","ast-page-background-enabled":"default","ast-page-background-meta":{"desktop":{"background-color":"var(--ast-global-color-4)","background-image":"","background-repeat":"repeat","background-position":"center center","background-size":"auto","background-attachment":"scroll","background-type":"","background-media":"","overlay-type":"","overlay-color":"","overlay-opacity":"","overlay-gradient":""},"tablet":{"background-color":"","background-image":"","background-repeat":"repeat","background-position":"center center","background-size":"auto","background-attachment":"scroll","background-type":"","background-media":"","overlay-type":"","overlay-color":"","overlay-opacity":"","overlay-gradient":""},"mobile":{"background-color":"","background-image":"","background-repeat":"repeat","background-position":"center center","background-size":"auto","background-attachment":"scroll","background-type":"","background-media":"","overlay-type":"","overlay-color":"","overlay-opacity":"","overlay-gradient":""}},"ast-content-background-meta":{"desktop":{"background-color":"var(--ast-global-color-5)","background-image":"","background-repeat":"repeat","background-position":"center center","background-size":"auto","background-attachment":"scroll","background-type":"","background-media":"","overlay-type":"","overlay-color":"","overlay-opacity":"","overlay-gradient":""},"tablet":{"background-color":"var(--ast-global-color-5)","background-image":"","background-repeat":"repeat","background-position":"center center","background-size":"auto","background-attachment":"scroll","background-type":"","background-media":"","overlay-type":"","overlay-color":"","overlay-opacity":"","overlay-gradient":""},"mobile":{"background-color":"var(--ast-global-color-5)","background-image":"","background-repeat":"repeat","background-position":"center center","background-size":"auto","background-attachment":"scroll","background-type":"","background-media":"","overlay-type":"","overlay-color":"","overlay-opacity":"","overlay-gradient":""}},"footnotes":""},"class_list":["post-1360","page","type-page","status-publish","hentry"],"_links":{"self":[{"href":"https:\/\/conferenciacientifica.uem.mz\/index.php\/wp-json\/wp\/v2\/pages\/1360","targetHints":{"allow":["GET"]}}],"collection":[{"href":"https:\/\/conferenciacientifica.uem.mz\/index.php\/wp-json\/wp\/v2\/pages"}],"about":[{"href":"https:\/\/conferenciacientifica.uem.mz\/index.php\/wp-json\/wp\/v2\/types\/page"}],"author":[{"embeddable":true,"href":"https:\/\/conferenciacientifica.uem.mz\/index.php\/wp-json\/wp\/v2\/users\/6"}],"replies":[{"embeddable":true,"href":"https:\/\/conferenciacientifica.uem.mz\/index.php\/wp-json\/wp\/v2\/comments?post=1360"}],"version-history":[{"count":11,"href":"https:\/\/conferenciacientifica.uem.mz\/index.php\/wp-json\/wp\/v2\/pages\/1360\/revisions"}],"predecessor-version":[{"id":1391,"href":"https:\/\/conferenciacientifica.uem.mz\/index.php\/wp-json\/wp\/v2\/pages\/1360\/revisions\/1391"}],"wp:attachment":[{"href":"https:\/\/conferenciacientifica.uem.mz\/index.php\/wp-json\/wp\/v2\/media?parent=1360"}],"curies":[{"name":"wp","href":"https:\/\/api.w.org\/{rel}","templated":true}]}}